{"id":2784,"date":"2024-06-25T15:47:39","date_gmt":"2024-06-25T15:47:39","guid":{"rendered":"https:\/\/nasrid.com\/nouvelles\/"},"modified":"2026-02-26T10:18:18","modified_gmt":"2026-02-26T10:18:18","slug":"nouvelles","status":"publish","type":"page","link":"https:\/\/nasrid.com\/fr\/nouvelles\/","title":{"rendered":"Blog"},"content":{"rendered":"<style>.elementor-2784 .elementor-element.elementor-element-7bca408:not(.elementor-motion-effects-element-type-background), .elementor-2784 .elementor-element.elementor-element-7bca408 > .elementor-motion-effects-container > .elementor-motion-effects-layer{background-image:url(\"https:\/\/nasrid.com\/wp-content\/uploads\/2024\/06\/photo7jpg.jpg\");background-position:center center;background-repeat:no-repeat;background-size:cover;}.elementor-2784 .elementor-element.elementor-element-7bca408 > .elementor-background-overlay{background-color:var( --e-global-color-e5e9561 );opacity:0.65;transition:background 0.3s, border-radius 0.3s, opacity 0.3s;}.elementor-2784 .elementor-element.elementor-element-7bca408{transition:background 0.3s, border 0.3s, border-radius 0.3s, box-shadow 0.3s;margin-top:-185px;margin-bottom:0px;padding:258px 15px 165px 15px;}.elementor-2784 .elementor-element.elementor-element-fd198d1 > .elementor-widget-container{margin:0px 100px 0px 100px;}.elementor-2784 .elementor-element.elementor-element-fd198d1{text-align:center;}.elementor-2784 .elementor-element.elementor-element-fd198d1 .elementor-heading-title{color:var( --e-global-color-21bfb04 );}.elementor-2784 .elementor-element.elementor-element-5178b27a:not(.elementor-motion-effects-element-type-background), .elementor-2784 .elementor-element.elementor-element-5178b27a > .elementor-motion-effects-container > .elementor-motion-effects-layer{background-image:url(\"https:\/\/nasrid.com\/wp-content\/uploads\/2024\/06\/img8.png\");}.elementor-2784 .elementor-element.elementor-element-5178b27a{transition:background 0.3s, border 0.3s, border-radius 0.3s, box-shadow 0.3s;margin-top:-100px;margin-bottom:0px;}.elementor-2784 .elementor-element.elementor-element-5178b27a > .elementor-background-overlay{transition:background 0.3s, border-radius 0.3s, opacity 0.3s;}.elementor-2784 .elementor-element.elementor-element-529b1b71{--spacer-size:140px;}.elementor-2784 .elementor-element.elementor-element-5195d05d{margin-top:10px;margin-bottom:100px;padding:100px 15px 0px 15px;}.elementor-2784 .elementor-element.elementor-element-49cffd99 > .elementor-element-populated{padding:0px 30px 0px 0px;}.elementor-2784 .elementor-element.elementor-element-41c026e > .elementor-widget-container{margin:0px 0px 50px 0px;}.elementor-2784 .elementor-element.elementor-element-41c026e{text-align:center;}.elementor-2784 .elementor-element.elementor-element-bd178bc{--grid-row-gap:40px;--grid-column-gap:40px;}.elementor-2784 .elementor-element.elementor-element-bd178bc .elementor-posts-container .elementor-post__thumbnail{padding-bottom:calc( 0.9 * 100% );}.elementor-2784 .elementor-element.elementor-element-bd178bc:after{content:\"0.9\";}.elementor-2784 .elementor-element.elementor-element-bd178bc .elementor-post__thumbnail__link{width:100%;}.elementor-2784 .elementor-element.elementor-element-bd178bc .elementor-post__text{padding:0px 20px 15px 20px;}.elementor-2784 .elementor-element.elementor-element-bd178bc .elementor-post{box-shadow:0px 0px 13px -4px rgba(0, 0, 0, 0.2);}.elementor-2784 .elementor-element.elementor-element-bd178bc .elementor-post:hover{box-shadow:0px 10px 25px 0px rgba(0, 0, 0, 0.15);}.elementor-2784 .elementor-element.elementor-element-bd178bc.elementor-posts--thumbnail-left .elementor-post__thumbnail__link{margin-right:25px;}.elementor-2784 .elementor-element.elementor-element-bd178bc.elementor-posts--thumbnail-right .elementor-post__thumbnail__link{margin-left:25px;}.elementor-2784 .elementor-element.elementor-element-bd178bc.elementor-posts--thumbnail-top .elementor-post__thumbnail__link{margin-bottom:25px;}.elementor-2784 .elementor-element.elementor-element-bd178bc .elementor-post__title, .elementor-2784 .elementor-element.elementor-element-bd178bc .elementor-post__title a{color:var( --e-global-color-secondary );font-family:var( --e-global-typography-92b0a2d-font-family ), Sans-serif;font-size:var( --e-global-typography-92b0a2d-font-size );font-weight:var( --e-global-typography-92b0a2d-font-weight );line-height:var( --e-global-typography-92b0a2d-line-height );}.elementor-2784 .elementor-element.elementor-element-bd178bc .elementor-post__title{margin-bottom:17px;}:root{--page-title-display:none;}@media(max-width:1024px) and (min-width:768px){.elementor-2784 .elementor-element.elementor-element-49cffd99{width:100%;}}@media(max-width:1024px){.elementor-2784 .elementor-element.elementor-element-7bca408{margin-top:-165px;margin-bottom:0px;padding:242px 15px 160px 15px;}.elementor-2784 .elementor-element.elementor-element-fd198d1 > .elementor-widget-container{margin:0px 0px 5px 0px;}.elementor-2784 .elementor-element.elementor-element-529b1b71{--spacer-size:100px;}.elementor-2784 .elementor-element.elementor-element-5195d05d{margin-top:45px;margin-bottom:0px;padding:80px 15px 0px 15px;}.elementor-2784 .elementor-element.elementor-element-49cffd99 > .elementor-element-populated{padding:0px 0px 92px 0px;}.elementor-2784 .elementor-element.elementor-element-bd178bc .elementor-post__title, .elementor-2784 .elementor-element.elementor-element-bd178bc .elementor-post__title a{font-size:var( --e-global-typography-92b0a2d-font-size );line-height:var( --e-global-typography-92b0a2d-line-height );}}@media(max-width:767px){.elementor-2784 .elementor-element.elementor-element-7bca408{margin-top:-265px;margin-bottom:0px;padding:344px 15px 120px 15px;}.elementor-2784 .elementor-element.elementor-element-5178b27a:not(.elementor-motion-effects-element-type-background), .elementor-2784 .elementor-element.elementor-element-5178b27a > .elementor-motion-effects-container > .elementor-motion-effects-layer{background-position:top center;background-repeat:no-repeat;background-size:cover;}.elementor-2784 .elementor-element.elementor-element-5178b27a{margin-top:-94px;margin-bottom:0px;}.elementor-2784 .elementor-element.elementor-element-5195d05d{margin-top:30px;margin-bottom:0px;padding:45px 15px 0px 15px;}.elementor-2784 .elementor-element.elementor-element-49cffd99 > .elementor-element-populated{padding:0px 0px 72px 0px;}.elementor-2784 .elementor-element.elementor-element-bd178bc .elementor-post__thumbnail__link{width:100%;}.elementor-2784 .elementor-element.elementor-element-bd178bc .elementor-post__title, .elementor-2784 .elementor-element.elementor-element-bd178bc .elementor-post__title a{font-size:var( --e-global-typography-92b0a2d-font-size );line-height:var( --e-global-typography-92b0a2d-line-height );}}<\/style>\t\t<div data-elementor-type=\"wp-page\" data-elementor-id=\"2784\" class=\"elementor elementor-2784 elementor-184\" data-elementor-post-type=\"page\">\n\t\t\t\t\t\t<section class=\"elementor-section elementor-top-section elementor-element elementor-element-7bca408 elementor-section-boxed elementor-section-height-default elementor-section-height-default\" data-id=\"7bca408\" data-element_type=\"section\" data-settings=\"{&quot;background_background&quot;:&quot;classic&quot;}\">\n\t\t\t\t\t\t\t<div class=\"elementor-background-overlay\"><\/div>\n\t\t\t\t\t\t\t<div class=\"elementor-container elementor-column-gap-no\">\n\t\t\t\t\t<div class=\"elementor-column elementor-col-100 elementor-top-column elementor-element elementor-element-0fa2b6a\" data-id=\"0fa2b6a\" data-element_type=\"column\">\n\t\t\t<div class=\"elementor-widget-wrap elementor-element-populated\">\n\t\t\t\t\t\t<div class=\"elementor-element elementor-element-fd198d1 elementor-widget elementor-widget-heading\" data-id=\"fd198d1\" data-element_type=\"widget\" data-widget_type=\"heading.default\">\n\t\t\t\t<div class=\"elementor-widget-container\">\n\t\t\t\t\t<h1 class=\"elementor-heading-title elementor-size-default\">Blog<\/h1>\t\t\t\t<\/div>\n\t\t\t\t<\/div>\n\t\t\t\t\t<\/div>\n\t\t<\/div>\n\t\t\t\t\t<\/div>\n\t\t<\/section>\n\t\t\t\t<section class=\"elementor-section elementor-top-section elementor-element elementor-element-5178b27a elementor-hidden-desktop elementor-hidden-tablet elementor-hidden-mobile elementor-section-boxed elementor-section-height-default elementor-section-height-default\" data-id=\"5178b27a\" data-element_type=\"section\" data-settings=\"{&quot;background_background&quot;:&quot;classic&quot;}\">\n\t\t\t\t\t\t<div class=\"elementor-container elementor-column-gap-default\">\n\t\t\t\t\t<div class=\"elementor-column elementor-col-100 elementor-top-column elementor-element elementor-element-5953a036\" data-id=\"5953a036\" data-element_type=\"column\">\n\t\t\t<div class=\"elementor-widget-wrap elementor-element-populated\">\n\t\t\t\t\t\t<div class=\"elementor-element elementor-element-529b1b71 elementor-widget elementor-widget-spacer\" data-id=\"529b1b71\" data-element_type=\"widget\" data-widget_type=\"spacer.default\">\n\t\t\t\t<div class=\"elementor-widget-container\">\n\t\t\t\t\t\t\t<div class=\"elementor-spacer\">\n\t\t\t<div class=\"elementor-spacer-inner\"><\/div>\n\t\t<\/div>\n\t\t\t\t\t\t<\/div>\n\t\t\t\t<\/div>\n\t\t\t\t\t<\/div>\n\t\t<\/div>\n\t\t\t\t\t<\/div>\n\t\t<\/section>\n\t\t\t\t<section class=\"elementor-section elementor-top-section elementor-element elementor-element-5195d05d elementor-section-boxed elementor-section-height-default elementor-section-height-default\" data-id=\"5195d05d\" data-element_type=\"section\">\n\t\t\t\t\t\t<div class=\"elementor-container elementor-column-gap-no\">\n\t\t\t\t\t<div class=\"elementor-column elementor-col-100 elementor-top-column elementor-element elementor-element-49cffd99\" data-id=\"49cffd99\" data-element_type=\"column\">\n\t\t\t<div class=\"elementor-widget-wrap elementor-element-populated\">\n\t\t\t\t\t\t<section class=\"elementor-section elementor-inner-section elementor-element elementor-element-68c52c70 elementor-section-boxed elementor-section-height-default elementor-section-height-default\" data-id=\"68c52c70\" data-element_type=\"section\">\n\t\t\t\t\t\t<div class=\"elementor-container elementor-column-gap-no\">\n\t\t\t\t\t<div class=\"elementor-column elementor-col-100 elementor-inner-column elementor-element elementor-element-a407a43\" data-id=\"a407a43\" data-element_type=\"column\">\n\t\t\t<div class=\"elementor-widget-wrap elementor-element-populated\">\n\t\t\t\t\t\t<div class=\"elementor-element elementor-element-41c026e elementor-widget elementor-widget-heading\" data-id=\"41c026e\" data-element_type=\"widget\" data-widget_type=\"heading.default\">\n\t\t\t\t<div class=\"elementor-widget-container\">\n\t\t\t\t\t<h2 class=\"elementor-heading-title elementor-size-default\">DERNI\u00c8RES NOUVELLES DE NASRID<\/h2>\t\t\t\t<\/div>\n\t\t\t\t<\/div>\n\t\t\t\t\t<\/div>\n\t\t<\/div>\n\t\t\t\t\t<\/div>\n\t\t<\/section>\n\t\t\t\t\t<\/div>\n\t\t<\/div>\n\t\t\t\t\t<\/div>\n\t\t<\/section>\n\t\t\t\t<\/div>\n\t\t","protected":false},"excerpt":{"rendered":"<p>Blog DERNI\u00c8RES NOUVELLES DE NASRID<\/p>\n","protected":false},"author":4,"featured_media":0,"parent":0,"menu_order":0,"comment_status":"closed","ping_status":"closed","template":"","meta":{"footnotes":""},"class_list":["post-2784","page","type-page","status-publish","hentry"],"yoast_head":"<!-- This site is optimized with the Yoast SEO plugin v26.6 - https:\/\/yoast.com\/wordpress\/plugins\/seo\/ -->\n<title>Portail d&#039;actualit\u00e9s | Exp\u00e9riences et visites \u00e0 Grenade - Nasrid<\/title>\n<meta name=\"description\" content=\"Restez inform\u00e9 des derni\u00e8res nouvelles touristiques \u00e0 Grenade. D\u00e9couvrez les tendances, les \u00e9v\u00e9nements et les d\u00e9veloppements du tourisme durable avec Nasrid.\" \/>\n<meta name=\"robots\" content=\"index, follow, max-snippet:-1, max-image-preview:large, max-video-preview:-1\" \/>\n<link rel=\"canonical\" href=\"https:\/\/nasrid.com\/fr\/nouvelles\/\" \/>\n<meta property=\"og:locale\" content=\"fr_FR\" \/>\n<meta property=\"og:type\" content=\"article\" \/>\n<meta property=\"og:title\" content=\"Portail d&#039;actualit\u00e9s | Exp\u00e9riences et visites \u00e0 Grenade - Nasrid\" \/>\n<meta property=\"og:description\" content=\"Restez inform\u00e9 des derni\u00e8res nouvelles touristiques \u00e0 Grenade. D\u00e9couvrez les tendances, les \u00e9v\u00e9nements et les d\u00e9veloppements du tourisme durable avec Nasrid.\" \/>\n<meta property=\"og:url\" content=\"https:\/\/nasrid.com\/fr\/nouvelles\/\" \/>\n<meta property=\"og:site_name\" content=\"Nasrid\" \/>\n<meta property=\"article:publisher\" content=\"https:\/\/www.facebook.com\/nasridgrx\/\" \/>\n<meta property=\"article:modified_time\" content=\"2026-02-26T10:18:18+00:00\" \/>\n<meta name=\"twitter:card\" content=\"summary_large_image\" \/>\n<meta name=\"twitter:label1\" content=\"Est. reading time\" \/>\n\t<meta name=\"twitter:data1\" content=\"2 minutes\" \/>\n<script type=\"application\/ld+json\" class=\"yoast-schema-graph\">{\"@context\":\"https:\/\/schema.org\",\"@graph\":[{\"@type\":\"WebPage\",\"@id\":\"https:\/\/nasrid.com\/fr\/nouvelles\/\",\"url\":\"https:\/\/nasrid.com\/fr\/nouvelles\/\",\"name\":\"Portail d'actualit\u00e9s | Exp\u00e9riences et visites \u00e0 Grenade - Nasrid\",\"isPartOf\":{\"@id\":\"https:\/\/nasrid.com\/#website\"},\"datePublished\":\"2024-06-25T15:47:39+00:00\",\"dateModified\":\"2026-02-26T10:18:18+00:00\",\"description\":\"Restez inform\u00e9 des derni\u00e8res nouvelles touristiques \u00e0 Grenade. D\u00e9couvrez les tendances, les \u00e9v\u00e9nements et les d\u00e9veloppements du tourisme durable avec Nasrid.\",\"breadcrumb\":{\"@id\":\"https:\/\/nasrid.com\/fr\/nouvelles\/#breadcrumb\"},\"inLanguage\":\"fr-FR\",\"potentialAction\":[{\"@type\":\"ReadAction\",\"target\":[\"https:\/\/nasrid.com\/fr\/nouvelles\/\"]}]},{\"@type\":\"BreadcrumbList\",\"@id\":\"https:\/\/nasrid.com\/fr\/nouvelles\/#breadcrumb\",\"itemListElement\":[{\"@type\":\"ListItem\",\"position\":1,\"name\":\"Portada\",\"item\":\"https:\/\/nasrid.com\/fr\/accueil\/\"},{\"@type\":\"ListItem\",\"position\":2,\"name\":\"Blog\"}]},{\"@type\":\"WebSite\",\"@id\":\"https:\/\/nasrid.com\/#website\",\"url\":\"https:\/\/nasrid.com\/\",\"name\":\"Nasrid\",\"description\":\"Visita Granada\",\"publisher\":{\"@id\":\"https:\/\/nasrid.com\/#organization\"},\"potentialAction\":[{\"@type\":\"SearchAction\",\"target\":{\"@type\":\"EntryPoint\",\"urlTemplate\":\"https:\/\/nasrid.com\/?s={search_term_string}\"},\"query-input\":{\"@type\":\"PropertyValueSpecification\",\"valueRequired\":true,\"valueName\":\"search_term_string\"}}],\"inLanguage\":\"fr-FR\"},{\"@type\":\"Organization\",\"@id\":\"https:\/\/nasrid.com\/#organization\",\"name\":\"Nasrid\",\"url\":\"https:\/\/nasrid.com\/\",\"logo\":{\"@type\":\"ImageObject\",\"inLanguage\":\"fr-FR\",\"@id\":\"https:\/\/nasrid.com\/#\/schema\/logo\/image\/\",\"url\":\"https:\/\/nasrid.com\/wp-content\/uploads\/2024\/06\/20230315_003210_0000.png\",\"contentUrl\":\"https:\/\/nasrid.com\/wp-content\/uploads\/2024\/06\/20230315_003210_0000.png\",\"width\":500,\"height\":500,\"caption\":\"Nasrid\"},\"image\":{\"@id\":\"https:\/\/nasrid.com\/#\/schema\/logo\/image\/\"},\"sameAs\":[\"https:\/\/www.facebook.com\/nasridgrx\/\",\"https:\/\/www.instagram.com\/nasridgrx\/\"]}]}<\/script>\n<!-- \/ Yoast SEO plugin. -->","yoast_head_json":{"title":"Portail d'actualit\u00e9s | Exp\u00e9riences et visites \u00e0 Grenade - Nasrid","description":"Restez inform\u00e9 des derni\u00e8res nouvelles touristiques \u00e0 Grenade. D\u00e9couvrez les tendances, les \u00e9v\u00e9nements et les d\u00e9veloppements du tourisme durable avec Nasrid.","robots":{"index":"index","follow":"follow","max-snippet":"max-snippet:-1","max-image-preview":"max-image-preview:large","max-video-preview":"max-video-preview:-1"},"canonical":"https:\/\/nasrid.com\/fr\/nouvelles\/","og_locale":"fr_FR","og_type":"article","og_title":"Portail d'actualit\u00e9s | Exp\u00e9riences et visites \u00e0 Grenade - Nasrid","og_description":"Restez inform\u00e9 des derni\u00e8res nouvelles touristiques \u00e0 Grenade. D\u00e9couvrez les tendances, les \u00e9v\u00e9nements et les d\u00e9veloppements du tourisme durable avec Nasrid.","og_url":"https:\/\/nasrid.com\/fr\/nouvelles\/","og_site_name":"Nasrid","article_publisher":"https:\/\/www.facebook.com\/nasridgrx\/","article_modified_time":"2026-02-26T10:18:18+00:00","twitter_card":"summary_large_image","twitter_misc":{"Est. reading time":"2 minutes"},"schema":{"@context":"https:\/\/schema.org","@graph":[{"@type":"WebPage","@id":"https:\/\/nasrid.com\/fr\/nouvelles\/","url":"https:\/\/nasrid.com\/fr\/nouvelles\/","name":"Portail d'actualit\u00e9s | Exp\u00e9riences et visites \u00e0 Grenade - Nasrid","isPartOf":{"@id":"https:\/\/nasrid.com\/#website"},"datePublished":"2024-06-25T15:47:39+00:00","dateModified":"2026-02-26T10:18:18+00:00","description":"Restez inform\u00e9 des derni\u00e8res nouvelles touristiques \u00e0 Grenade. D\u00e9couvrez les tendances, les \u00e9v\u00e9nements et les d\u00e9veloppements du tourisme durable avec Nasrid.","breadcrumb":{"@id":"https:\/\/nasrid.com\/fr\/nouvelles\/#breadcrumb"},"inLanguage":"fr-FR","potentialAction":[{"@type":"ReadAction","target":["https:\/\/nasrid.com\/fr\/nouvelles\/"]}]},{"@type":"BreadcrumbList","@id":"https:\/\/nasrid.com\/fr\/nouvelles\/#breadcrumb","itemListElement":[{"@type":"ListItem","position":1,"name":"Portada","item":"https:\/\/nasrid.com\/fr\/accueil\/"},{"@type":"ListItem","position":2,"name":"Blog"}]},{"@type":"WebSite","@id":"https:\/\/nasrid.com\/#website","url":"https:\/\/nasrid.com\/","name":"Nasrid","description":"Visita Granada","publisher":{"@id":"https:\/\/nasrid.com\/#organization"},"potentialAction":[{"@type":"SearchAction","target":{"@type":"EntryPoint","urlTemplate":"https:\/\/nasrid.com\/?s={search_term_string}"},"query-input":{"@type":"PropertyValueSpecification","valueRequired":true,"valueName":"search_term_string"}}],"inLanguage":"fr-FR"},{"@type":"Organization","@id":"https:\/\/nasrid.com\/#organization","name":"Nasrid","url":"https:\/\/nasrid.com\/","logo":{"@type":"ImageObject","inLanguage":"fr-FR","@id":"https:\/\/nasrid.com\/#\/schema\/logo\/image\/","url":"https:\/\/nasrid.com\/wp-content\/uploads\/2024\/06\/20230315_003210_0000.png","contentUrl":"https:\/\/nasrid.com\/wp-content\/uploads\/2024\/06\/20230315_003210_0000.png","width":500,"height":500,"caption":"Nasrid"},"image":{"@id":"https:\/\/nasrid.com\/#\/schema\/logo\/image\/"},"sameAs":["https:\/\/www.facebook.com\/nasridgrx\/","https:\/\/www.instagram.com\/nasridgrx\/"]}]}},"_links":{"self":[{"href":"https:\/\/nasrid.com\/fr\/wp-json\/wp\/v2\/pages\/2784","targetHints":{"allow":["GET"]}}],"collection":[{"href":"https:\/\/nasrid.com\/fr\/wp-json\/wp\/v2\/pages"}],"about":[{"href":"https:\/\/nasrid.com\/fr\/wp-json\/wp\/v2\/types\/page"}],"author":[{"embeddable":true,"href":"https:\/\/nasrid.com\/fr\/wp-json\/wp\/v2\/users\/4"}],"replies":[{"embeddable":true,"href":"https:\/\/nasrid.com\/fr\/wp-json\/wp\/v2\/comments?post=2784"}],"version-history":[{"count":8,"href":"https:\/\/nasrid.com\/fr\/wp-json\/wp\/v2\/pages\/2784\/revisions"}],"predecessor-version":[{"id":3356,"href":"https:\/\/nasrid.com\/fr\/wp-json\/wp\/v2\/pages\/2784\/revisions\/3356"}],"wp:attachment":[{"href":"https:\/\/nasrid.com\/fr\/wp-json\/wp\/v2\/media?parent=2784"}],"curies":[{"name":"wp","href":"https:\/\/api.w.org\/{rel}","templated":true}]}}